{"id":3513,"date":"2024-01-03T12:23:36","date_gmt":"2024-01-03T11:23:36","guid":{"rendered":"https:\/\/ascoria-auto.fr\/?page_id=3513"},"modified":"2026-02-25T15:54:38","modified_gmt":"2026-02-25T14:54:38","slug":"mention-legale","status":"publish","type":"page","link":"https:\/\/ascoria-auto.fr\/index.php\/mention-legale\/","title":{"rendered":"Mentions l\u00e9gales"},"content":{"rendered":"\t\t<div data-elementor-type=\"wp-page\" data-elementor-id=\"3513\" class=\"elementor elementor-3513\">\n\t\t\t\t<div class=\"elementor-element elementor-element-6cbc430 e-flex e-con-boxed e-con e-parent\" data-id=\"6cbc430\" data-element_type=\"container\">\n\t\t\t\t\t<div class=\"e-con-inner\">\n\t\t\t\t<div class=\"elementor-element elementor-element-4f51a03e elementor-widget elementor-widget-text-editor\" data-id=\"4f51a03e\" data-element_type=\"widget\" data-widget_type=\"text-editor.default\">\n\t\t\t\t<div class=\"elementor-widget-container\">\n\t\t\t\t\t\t\t\t\t<div><strong>MENTIONS LEGALES<\/strong><\/div>\n<div>\n<p>Le site <a href=\"https:\/\/ascoria-auto.fr\/\">https:\/\/ascoria-auto.fr\/<\/a> est une propri\u00e9t\u00e9 inalienable de ascoria dont :<\/p>\n<\/div>\n<div>DENOMINATION OU RAISON SOCIALE<\/div>\n<div><strong>ASCORIA<\/strong><\/div>\n<div>\u00a0<\/div>\n<div><strong>ADRESSE DU SIEGE SOCIAL: <\/strong><\/div>\n<div>1 Rue Nobel, 29000 Quimper, France<\/div>\n<div><strong>Adresse postale:<\/strong> 1 Rue Nobel, 29000 Quimper, France<\/div>\n<div>\u00a0<\/div>\n<div><strong>CONTACT<\/strong><\/div>\n<div>ascoria@ascoria-auto.fr<\/div>\n<div>\u00a0<\/div>\n<div><strong>NUMERO D&rsquo;IDENTIFICATION<\/strong><\/div>\n<div>TVA Intra: FR65349114496<\/div>\n<div>Num\u00e9ro SIREN: 349114496<\/div>\n<div>Num\u00e9ro SIRET (si\u00e8ge): 34911449600012<\/div>\n<div>\u00a0<\/div>\n<div><strong>INFORMATIONS LEGALES<\/strong><\/div>\n<div>Activit\u00e9 (Code NAF ou APE)<\/div>\n<div>Commerce de voitures et de v\u00e9hicules automobiles l\u00e9gers (4511Z)<\/div>\n<div>Du 13-01-1989 \u00e0 aujourd\u2019hui, plus de 20 ans<\/div>\n<div>Commerce de voitures et de v\u00e9hicules automobiles l\u00e9gers (4511Z)<\/div>\n<div>\u00a0<\/div>\n<div><strong>ACTIVITES PRINCIPALES DECLAREE:<\/strong> Commerce de voitures et de v\u00e9hicules automobiles l\u00e9gers<\/div>\n<p><!-- \/wp:paragraph --><\/p>\t\t\t\t\t\t\t\t<\/div>\n\t\t\t\t<\/div>\n\t\t\t\t\t<\/div>\n\t\t\t\t<\/div>\n\t\t\t\t<\/div>\n\t\t","protected":false},"excerpt":{"rendered":"<p>MENTIONS LEGALES Le site https:\/\/ascoria-auto.fr\/ est une propri\u00e9t\u00e9 inalienable de ascoria dont : DENOMINATION OU RAISON SOCIALE ASCORIA \u00a0 ADRESSE DU SIEGE SOCIAL: 1 Rue Nobel, 29000 Quimper, France Adresse postale: 1 Rue Nobel, 29000 Quimper, France \u00a0 CONTACT ascoria@ascoria-auto.fr \u00a0 NUMERO D&rsquo;IDENTIFICATION TVA Intra: FR65349114496 Num\u00e9ro SIREN: 349114496 Num\u00e9ro SIRET (si\u00e8ge): 34911449600012 \u00a0 INFORMATIONS [&hellip;]<\/p>\n","protected":false},"author":1,"featured_media":0,"parent":0,"menu_order":0,"comment_status":"closed","ping_status":"closed","template":"","meta":{"footnotes":""},"class_list":["post-3513","page","type-page","status-publish","hentry"],"_links":{"self":[{"href":"https:\/\/ascoria-auto.fr\/index.php\/wp-json\/wp\/v2\/pages\/3513","targetHints":{"allow":["GET"]}}],"collection":[{"href":"https:\/\/ascoria-auto.fr\/index.php\/wp-json\/wp\/v2\/pages"}],"about":[{"href":"https:\/\/ascoria-auto.fr\/index.php\/wp-json\/wp\/v2\/types\/page"}],"author":[{"embeddable":true,"href":"https:\/\/ascoria-auto.fr\/index.php\/wp-json\/wp\/v2\/users\/1"}],"replies":[{"embeddable":true,"href":"https:\/\/ascoria-auto.fr\/index.php\/wp-json\/wp\/v2\/comments?post=3513"}],"version-history":[{"count":29,"href":"https:\/\/ascoria-auto.fr\/index.php\/wp-json\/wp\/v2\/pages\/3513\/revisions"}],"predecessor-version":[{"id":4923,"href":"https:\/\/ascoria-auto.fr\/index.php\/wp-json\/wp\/v2\/pages\/3513\/revisions\/4923"}],"wp:attachment":[{"href":"https:\/\/ascoria-auto.fr\/index.php\/wp-json\/wp\/v2\/media?parent=3513"}],"curies":[{"name":"wp","href":"https:\/\/api.w.org\/{rel}","templated":true}]}}