{"id":3515,"date":"2024-01-03T12:24:32","date_gmt":"2024-01-03T11:24:32","guid":{"rendered":"https:\/\/ascoria-auto.fr\/?page_id=3515"},"modified":"2026-02-25T15:56:44","modified_gmt":"2026-02-25T14:56:44","slug":"a-propos","status":"publish","type":"page","link":"https:\/\/ascoria-auto.fr\/index.php\/a-propos\/","title":{"rendered":"A propos"},"content":{"rendered":"\t\t<div data-elementor-type=\"wp-page\" data-elementor-id=\"3515\" class=\"elementor elementor-3515\">\n\t\t\t\t<div class=\"elementor-element elementor-element-7d9c994f e-con-full e-flex e-con e-parent\" data-id=\"7d9c994f\" data-element_type=\"container\">\n\t\t\t\t<div class=\"elementor-element elementor-element-4f631b58 elementor-widget elementor-widget-text-editor\" data-id=\"4f631b58\" data-element_type=\"widget\" data-widget_type=\"text-editor.default\">\n\t\t\t\t<div class=\"elementor-widget-container\">\n\t\t\t\t\t\t\t\t\t<section class=\"elementor-section elementor-inner-section elementor-element elementor-element-6dc2ec5 elementor-section-boxed elementor-section-height-default elementor-section-height-default\" data-id=\"6dc2ec5\" data-element_type=\"section\"><div class=\"elementor-container elementor-column-gap-no\"><div class=\"elementor-column elementor-col-50 elementor-inner-column elementor-element elementor-element-334156c\" data-id=\"334156c\" data-element_type=\"column\"><div class=\"elementor-widget-wrap elementor-element-populated\"><div class=\"elementor-element elementor-element-169abe9 elementor-widget elementor-widget-heading\" data-id=\"169abe9\" data-element_type=\"widget\" data-widget_type=\"heading.default\"><div class=\"elementor-widget-container\"><h2 class=\"elementor-heading-title elementor-size-default\">EN SAVOIR PLUS SUR NOUS<\/h2><\/div><\/div><div class=\"elementor-element elementor-element-8a29175 elementor-widget elementor-widget-text-editor\" data-id=\"8a29175\" data-element_type=\"widget\" data-widget_type=\"text-editor.default\"><div class=\"elementor-widget-container\"><h5>Le site <a href=\"https:\/\/ascoria-auto.fr\/\">https:\/\/ascoria-auto.fr\/<\/a> est une propri\u00e9t\u00e9 inali\u00e9nable de la soci\u00e9t\u00e9 ASCORIA , soci\u00e9t\u00e9 par actions simplifi\u00e9e, immatricul\u00e9e sous le SIREN 349114496, est active depuis plus de 20 ans. Install\u00e9e \u00e0\u00a0 Quimper (29000), elle est sp\u00e9cialis\u00e9e dans le secteur d\u2019activit\u00e9 du commerce de voitures et de v\u00e9hicules automobiles l\u00e9gers. Son effectif est compris entre 20 et 49 salari\u00e9s .<\/h5><h5>Notre mission est de fournir une exp\u00e9rience de vente de voitures sans stress et satisfaisante pour chaque client qui franchit nos portes ou visite notre site en ligne. Nous cherchons \u00e0 \u00e9tablir des relations de confiance \u00e0 long terme avec nos clients en offrant une s\u00e9lection de voitures de qualit\u00e9 sup\u00e9rieure, des prix comp\u00e9titifs et un service de premi\u00e8re classe.<\/h5><\/div><\/div><\/div><\/div><div class=\"elementor-column elementor-col-50 elementor-inner-column elementor-element elementor-element-f095eed\" data-id=\"f095eed\" data-element_type=\"column\"><div class=\"elementor-widget-wrap elementor-element-populated\"><div class=\"elementor-element elementor-element-1dae24c elementor-widget elementor-widget-text-editor\" data-id=\"1dae24c\" data-element_type=\"widget\" data-widget_type=\"text-editor.default\"><div class=\"elementor-widget-container\"><h5>Notre vision est d\u2019\u00eatre le premier choix des clients lorsqu\u2019il s\u2019agit d\u2019acheter une voiture. Nous cherchons \u00e0 devenir une r\u00e9f\u00e9rence dans l\u2019industrie automobile en offrant une exp\u00e9rience d\u2019achat exceptionnelle, des produits de qualit\u00e9 et un service client\u00e8le de premier ordre. Nous visons \u00e0 \u00e9tablir une r\u00e9putation de confiance et d\u2019int\u00e9grit\u00e9, en traitant chaque client avec le respect, la courtoisie et la transparence qu\u2019ils m\u00e9ritent.<\/h5><\/div><\/div><\/div><\/div><\/div><\/section><section class=\"elementor-section elementor-inner-section elementor-element elementor-element-dfa0f26 elementor-section-boxed elementor-section-height-default elementor-section-height-default\" data-id=\"dfa0f26\" data-element_type=\"section\"><div class=\"elementor-container elementor-column-gap-no\"><div class=\"elementor-column elementor-col-50 elementor-inner-column elementor-element elementor-element-3c88e1f\" data-id=\"3c88e1f\" data-element_type=\"column\"><div class=\"elementor-widget-wrap elementor-element-populated\"><section class=\"elementor-section elementor-inner-section elementor-element elementor-element-dfee667 elementor-section-boxed elementor-section-height-default elementor-section-height-default\" data-id=\"dfee667\" data-element_type=\"section\"><div class=\"elementor-container elementor-column-gap-no\"><div class=\"elementor-column elementor-col-50 elementor-inner-column elementor-element elementor-element-8afd28d\" data-id=\"8afd28d\" data-element_type=\"column\" data-settings=\"{&quot;background_background&quot;:&quot;classic&quot;}\"><div class=\"elementor-widget-wrap elementor-element-populated\"><div class=\"elementor-element elementor-element-baeddbd elementor-widget elementor-widget-counter\" data-id=\"baeddbd\" data-element_type=\"widget\" data-widget_type=\"counter.default\"><div class=\"elementor-widget-container\"><div class=\"elementor-counter\"><div class=\"elementor-counter-number-wrapper\"><span class=\"elementor-counter-number\" data-duration=\"2000\" data-to-value=\"400\" data-from-value=\"0\" data-delimiter=\",\">400<\/span><span class=\"elementor-counter-number-suffix\">+<\/span><\/div><div class=\"elementor-counter-title\">PRODUITS<\/div><\/div><\/div><\/div><\/div><\/div><div class=\"elementor-column elementor-col-50 elementor-inner-column elementor-element elementor-element-ded73bd\" data-id=\"ded73bd\" data-element_type=\"column\" data-settings=\"{&quot;background_background&quot;:&quot;classic&quot;}\"><div class=\"elementor-widget-wrap elementor-element-populated\"><div class=\"elementor-element elementor-element-4c95905 elementor-widget elementor-widget-counter\" data-id=\"4c95905\" data-element_type=\"widget\" data-widget_type=\"counter.default\"><div class=\"elementor-widget-container\"><div class=\"elementor-counter\"><div class=\"elementor-counter-number-wrapper\"><span class=\"elementor-counter-number\" data-duration=\"2000\" data-to-value=\"3\" data-from-value=\"0\" data-delimiter=\",\">3<\/span><span class=\"elementor-counter-number-suffix\">K+<\/span><\/div><div class=\"elementor-counter-title\">CLIENTS PAR LE MONDE<\/div><\/div><\/div><\/div><\/div><\/div><\/div><\/section><section class=\"elementor-section elementor-inner-section elementor-element elementor-element-5f8bed9 elementor-section-boxed elementor-section-height-default elementor-section-height-default\" data-id=\"5f8bed9\" data-element_type=\"section\"><div class=\"elementor-container elementor-column-gap-no\"><div class=\"elementor-column elementor-col-50 elementor-inner-column elementor-element elementor-element-0f57903\" data-id=\"0f57903\" data-element_type=\"column\" data-settings=\"{&quot;background_background&quot;:&quot;classic&quot;}\"><div class=\"elementor-widget-wrap elementor-element-populated\"><div class=\"elementor-element elementor-element-cc38ff3 elementor-widget elementor-widget-counter\" data-id=\"cc38ff3\" data-element_type=\"widget\" data-widget_type=\"counter.default\"><div class=\"elementor-widget-container\"><div class=\"elementor-counter\"><div class=\"elementor-counter-number-wrapper\"><span class=\"elementor-counter-number\" data-duration=\"2000\" data-to-value=\"499\" data-from-value=\"0\" data-delimiter=\",\">499<\/span><span class=\"elementor-counter-number-suffix\">+<\/span><\/div><div class=\"elementor-counter-title\">CLIENT SATISFAIT<\/div><\/div><\/div><\/div><\/div><\/div><div class=\"elementor-column elementor-col-50 elementor-inner-column elementor-element elementor-element-86be7e8\" data-id=\"86be7e8\" data-element_type=\"column\" data-settings=\"{&quot;background_background&quot;:&quot;classic&quot;}\"><div class=\"elementor-widget-wrap elementor-element-populated\"><div class=\"elementor-element elementor-element-a41c85d elementor-widget elementor-widget-counter\" data-id=\"a41c85d\" data-element_type=\"widget\" data-widget_type=\"counter.default\"><div class=\"elementor-widget-container\"><div class=\"elementor-counter\"><div class=\"elementor-counter-number-wrapper\"><span class=\"elementor-counter-number\" data-duration=\"2000\" data-to-value=\"30\" data-from-value=\"0\" data-delimiter=\",\">38<\/span><span class=\"elementor-counter-number-suffix\">%<\/span><\/div><div class=\"elementor-counter-title\">PR\u00c9 COMMANDE<\/div><\/div><\/div><div>\u00a0<\/div><\/div><\/div><\/div><\/div><\/section><\/div><\/div><div class=\"elementor-background-overlay\">\u00a0<\/div><\/div><\/section><section class=\"elementor-section elementor-inner-section elementor-element elementor-element-0a1b493 elementor-section-boxed elementor-section-height-default elementor-section-height-default\" data-id=\"0a1b493\" data-element_type=\"section\"><div class=\"elementor-container elementor-column-gap-no\"><div class=\"elementor-column elementor-col-33 elementor-inner-column elementor-element elementor-element-86dfdb7\" data-id=\"86dfdb7\" data-element_type=\"column\"><div class=\"elementor-widget-wrap elementor-element-populated\"><div class=\"elementor-element elementor-element-228ea75 elementor-widget elementor-widget-heading\" data-id=\"228ea75\" data-element_type=\"widget\" data-widget_type=\"heading.default\"><div class=\"elementor-widget-container\"><h2 class=\"elementor-heading-title elementor-size-default\">NOTRE MISSION<\/h2><\/div><\/div><div class=\"elementor-element elementor-element-6cb6279 elementor-widget elementor-widget-text-editor\" data-id=\"6cb6279\" data-element_type=\"widget\" data-widget_type=\"text-editor.default\"><div class=\"elementor-widget-container\"><h5>Nous nous engageons \u00e0 \u00e9couter attentivement les besoins et les souhaits de chaque client afin de les aider \u00e0 trouver la voiture qui correspond le mieux \u00e0 leurs attentes, leur style de vie et leur budget. Nous sommes fiers de travailler avec des professionnels de l\u2019industrie automobile pour maintenir les normes les plus \u00e9lev\u00e9es de qualit\u00e9, de s\u00e9curit\u00e9 et de fiabilit\u00e9 dans tous les v\u00e9hicules que nous vendons.<\/h5><\/div><\/div><\/div><\/div><div class=\"elementor-column elementor-col-33 elementor-inner-column elementor-element elementor-element-f4c9eb7\" data-id=\"f4c9eb7\" data-element_type=\"column\"><div class=\"elementor-widget-wrap elementor-element-populated\"><div class=\"elementor-element elementor-element-1776c11 elementor-widget elementor-widget-heading\" data-id=\"1776c11\" data-element_type=\"widget\" data-widget_type=\"heading.default\"><div class=\"elementor-widget-container\"><h2 class=\"elementor-heading-title elementor-size-default\">A RETENIR<\/h2><\/div><\/div><div class=\"elementor-element elementor-element-b91522b elementor-widget elementor-widget-text-editor\" data-id=\"b91522b\" data-element_type=\"widget\" data-widget_type=\"text-editor.default\"><div class=\"elementor-widget-container\"><h5>En r\u00e9sum\u00e9, nous sommes d\u00e9termin\u00e9s \u00e0 fournir des produits de qualit\u00e9 sup\u00e9rieure, un service exceptionnel et une exp\u00e9rience d\u2019achat sans stress pour tous nos clients. Nous sommes passionn\u00e9s par l\u2019industrie automobile et sommes impatients de vous aider \u00e0 trouver la voiture de vos r\u00eaves.<\/h5><\/div><\/div><\/div><\/div><div class=\"elementor-column elementor-col-33 elementor-inner-column elementor-element elementor-element-3a7a452\" data-id=\"3a7a452\" data-element_type=\"column\"><div class=\"elementor-widget-wrap elementor-element-populated\"><div class=\"elementor-element elementor-element-02942f0 elementor-widget elementor-widget-heading\" data-id=\"02942f0\" data-element_type=\"widget\" data-widget_type=\"heading.default\"><div class=\"elementor-widget-container\"><h2 class=\"elementor-heading-title elementor-size-default\">NOTRE VISION<\/h2><\/div><\/div><div class=\"elementor-element elementor-element-303d5c1 elementor-widget elementor-widget-text-editor\" data-id=\"303d5c1\" data-element_type=\"widget\" data-widget_type=\"text-editor.default\"><div class=\"elementor-widget-container\"><h5>Nous croyons que la technologie joue un r\u00f4le important dans l\u2019exp\u00e9rience d\u2019achat de voitures, et nous cherchons \u00e0 continuellement am\u00e9liorer notre site de vente de voitures en ligne pour offrir une exp\u00e9rience pratique et efficace \u00e0 tous nos clients. Nous nous engageons \u00e9galement \u00e0 contribuer positivement \u00e0 la communaut\u00e9 en organisant des \u00e9v\u00e9nements et des activit\u00e9s locales pour les clients, les employ\u00e9s et les membres de la communaut\u00e9.<\/h5><\/div><\/div><\/div><\/div><\/div><\/section><p><!-- \/wp:paragraph --><\/p>\t\t\t\t\t\t\t\t<\/div>\n\t\t\t\t<\/div>\n\t\t\t\t<\/div>\n\t\t\t\t<\/div>\n\t\t","protected":false},"excerpt":{"rendered":"<p>EN SAVOIR PLUS SUR NOUS Le site https:\/\/ascoria-auto.fr\/ est une propri\u00e9t\u00e9 inali\u00e9nable de la soci\u00e9t\u00e9 ASCORIA , soci\u00e9t\u00e9 par actions simplifi\u00e9e, immatricul\u00e9e sous le SIREN 349114496, est active depuis plus de 20 ans. Install\u00e9e \u00e0\u00a0 Quimper (29000), elle est sp\u00e9cialis\u00e9e dans le secteur d\u2019activit\u00e9 du commerce de voitures et de v\u00e9hicules automobiles l\u00e9gers. Son effectif [&hellip;]<\/p>\n","protected":false},"author":1,"featured_media":0,"parent":0,"menu_order":0,"comment_status":"closed","ping_status":"closed","template":"","meta":{"footnotes":""},"class_list":["post-3515","page","type-page","status-publish","hentry"],"_links":{"self":[{"href":"https:\/\/ascoria-auto.fr\/index.php\/wp-json\/wp\/v2\/pages\/3515","targetHints":{"allow":["GET"]}}],"collection":[{"href":"https:\/\/ascoria-auto.fr\/index.php\/wp-json\/wp\/v2\/pages"}],"about":[{"href":"https:\/\/ascoria-auto.fr\/index.php\/wp-json\/wp\/v2\/types\/page"}],"author":[{"embeddable":true,"href":"https:\/\/ascoria-auto.fr\/index.php\/wp-json\/wp\/v2\/users\/1"}],"replies":[{"embeddable":true,"href":"https:\/\/ascoria-auto.fr\/index.php\/wp-json\/wp\/v2\/comments?post=3515"}],"version-history":[{"count":19,"href":"https:\/\/ascoria-auto.fr\/index.php\/wp-json\/wp\/v2\/pages\/3515\/revisions"}],"predecessor-version":[{"id":4926,"href":"https:\/\/ascoria-auto.fr\/index.php\/wp-json\/wp\/v2\/pages\/3515\/revisions\/4926"}],"wp:attachment":[{"href":"https:\/\/ascoria-auto.fr\/index.php\/wp-json\/wp\/v2\/media?parent=3515"}],"curies":[{"name":"wp","href":"https:\/\/api.w.org\/{rel}","templated":true}]}}