{"id":4186,"date":"2024-04-08T21:34:08","date_gmt":"2024-04-08T19:34:08","guid":{"rendered":"https:\/\/ascoria-auto.fr\/?page_id=4186"},"modified":"2025-01-07T10:17:59","modified_gmt":"2025-01-07T09:17:59","slug":"retour-et-remboursement","status":"publish","type":"page","link":"https:\/\/ascoria-auto.fr\/index.php\/retour-et-remboursement\/","title":{"rendered":"Retour et remboursement"},"content":{"rendered":"\t\t<div data-elementor-type=\"wp-page\" data-elementor-id=\"4186\" class=\"elementor elementor-4186\">\n\t\t\t\t<div class=\"elementor-element elementor-element-bffbbd0 e-flex e-con-boxed e-con e-parent\" data-id=\"bffbbd0\" data-element_type=\"container\">\n\t\t\t\t\t<div class=\"e-con-inner\">\n\t\t\t\t<div class=\"elementor-element elementor-element-6fbb9e6 elementor-widget elementor-widget-text-editor\" data-id=\"6fbb9e6\" data-element_type=\"widget\" data-widget_type=\"text-editor.default\">\n\t\t\t\t<div class=\"elementor-widget-container\">\n\t\t\t\t\t\t\t\t\t<p><span style=\"text-decoration: underline;\"><strong>ACHAT-VENTE<\/strong><\/span><\/p><p><b>1. <\/b><strong>Politique de Retours<\/strong><\/p><p>Nous comprenons que l\u2019achat d\u2019une voiture est une d\u00e9cision importante. <b>N<\/b>ous nous effor\u00e7ons de vous offrir la meilleure exp\u00e9rience d\u2019achat possible. Voici notre politique de retours :<\/p><ul><li><p>P\u00e9riode de Retour :\u00a0Vous avez\u00a014 jours\u00a0\u00e0 compter de la date de livraison pour retourner votre v\u00e9hicule si vous n\u2019\u00eates pas enti\u00e8rement satisfait.<\/p><\/li><li><p>\u00c9tat du V\u00e9hicule :\u00a0Le v\u00e9hicule doit \u00eatre dans le m\u00eame \u00e9tat que lors de la livraison, avec tous les documents originaux et sans modifications ou dommages.<\/p><\/li><li><p>Frais de Retour :\u00a0Les frais de retour sont \u00e0 la charge du client, sauf en cas de d\u00e9faut ou de non-conformit\u00e9 du v\u00e9hicule.<\/p><\/li><\/ul><p><b>2. Politique de Remboursement<\/b><\/p><p>Nous comprenons que des situations particuli\u00e8res peuvent n\u00e9cessiter un remboursement. Voici notre politique de remboursement :<\/p><ul><li><p>D\u00e9lai de Remboursement : Une fois que nous avons re\u00e7u le v\u00e9hicule retourn\u00e9 et avons effectu\u00e9 une inspection, nous traiterons votre remboursement dans un d\u00e9lai de 7 jours ouvrables.<\/p><\/li><li><p>Mode de Remboursement :\u00a0Le remboursement sera effectu\u00e9 selon le mode de paiement initial utilis\u00e9 lors de l\u2019achat.<\/p><\/li><li><p>D\u00e9ductions :\u00a0Des frais de remise en \u00e9tat ou des frais de transport peuvent \u00eatre d\u00e9duits du remboursement si le v\u00e9hicule est retourn\u00e9 dans un \u00e9tat diff\u00e9rent de celui dans lequel il a \u00e9t\u00e9 livr\u00e9, ou si des dommages sont constat\u00e9s.<\/p><\/li><\/ul><p>Nous sommes d\u00e9di\u00e9s \u00e0 votre satisfaction. Si vous avez des questions ou des pr\u00e9occupations concernant notre politique de retours et remboursements, n\u2019h\u00e9sitez pas \u00e0 contacter notre service client\u00e8le. Nous sommes l\u00e0 pour vous aider \u00e0 chaque \u00e9tape du processus.<\/p>\t\t\t\t\t\t\t\t<\/div>\n\t\t\t\t<\/div>\n\t\t\t\t\t<\/div>\n\t\t\t\t<\/div>\n\t\t\t\t<\/div>\n\t\t","protected":false},"excerpt":{"rendered":"<p>ACHAT-VENTE 1. Politique de Retours Nous comprenons que l\u2019achat d\u2019une voiture est une d\u00e9cision importante. Nous nous effor\u00e7ons de vous offrir la meilleure exp\u00e9rience d\u2019achat possible. Voici notre politique de retours : P\u00e9riode de Retour :\u00a0Vous avez\u00a014 jours\u00a0\u00e0 compter de la date de livraison pour retourner votre v\u00e9hicule si vous n\u2019\u00eates pas enti\u00e8rement satisfait. \u00c9tat [&hellip;]<\/p>\n","protected":false},"author":1,"featured_media":0,"parent":0,"menu_order":0,"comment_status":"closed","ping_status":"closed","template":"","meta":{"footnotes":""},"class_list":["post-4186","page","type-page","status-publish","hentry"],"_links":{"self":[{"href":"https:\/\/ascoria-auto.fr\/index.php\/wp-json\/wp\/v2\/pages\/4186","targetHints":{"allow":["GET"]}}],"collection":[{"href":"https:\/\/ascoria-auto.fr\/index.php\/wp-json\/wp\/v2\/pages"}],"about":[{"href":"https:\/\/ascoria-auto.fr\/index.php\/wp-json\/wp\/v2\/types\/page"}],"author":[{"embeddable":true,"href":"https:\/\/ascoria-auto.fr\/index.php\/wp-json\/wp\/v2\/users\/1"}],"replies":[{"embeddable":true,"href":"https:\/\/ascoria-auto.fr\/index.php\/wp-json\/wp\/v2\/comments?post=4186"}],"version-history":[{"count":11,"href":"https:\/\/ascoria-auto.fr\/index.php\/wp-json\/wp\/v2\/pages\/4186\/revisions"}],"predecessor-version":[{"id":4798,"href":"https:\/\/ascoria-auto.fr\/index.php\/wp-json\/wp\/v2\/pages\/4186\/revisions\/4798"}],"wp:attachment":[{"href":"https:\/\/ascoria-auto.fr\/index.php\/wp-json\/wp\/v2\/media?parent=4186"}],"curies":[{"name":"wp","href":"https:\/\/api.w.org\/{rel}","templated":true}]}}