{"id":4188,"date":"2024-04-08T21:38:39","date_gmt":"2024-04-08T19:38:39","guid":{"rendered":"https:\/\/ascoria-auto.fr\/?page_id=4188"},"modified":"2025-09-15T23:06:00","modified_gmt":"2025-09-15T21:06:00","slug":"payer-en-plusieurs-fois","status":"publish","type":"page","link":"https:\/\/ascoria-auto.fr\/index.php\/payer-en-plusieurs-fois\/","title":{"rendered":"Paiement en plusieurs fois"},"content":{"rendered":"\t\t<div data-elementor-type=\"wp-page\" data-elementor-id=\"4188\" class=\"elementor elementor-4188\">\n\t\t\t\t<div class=\"elementor-element elementor-element-eabb842 e-flex e-con-boxed e-con e-parent\" data-id=\"eabb842\" data-element_type=\"container\">\n\t\t\t\t\t<div class=\"e-con-inner\">\n\t\t\t\t<div class=\"elementor-element elementor-element-6ebc1ce elementor-widget elementor-widget-text-editor\" data-id=\"6ebc1ce\" data-element_type=\"widget\" data-widget_type=\"text-editor.default\">\n\t\t\t\t<div class=\"elementor-widget-container\">\n\t\t\t\t\t\t\t\t\t<section class=\"elementor-section elementor-top-section elementor-element elementor-element-1d972d6 elementor-section-boxed elementor-section-height-default elementor-section-height-default\" data-id=\"1d972d6\" data-element_type=\"section\" data-settings=\"{&quot;background_background&quot;:&quot;classic&quot;}\"><div class=\"elementor-container elementor-column-gap-default\"><div class=\"elementor-column elementor-col-50 elementor-top-column elementor-element elementor-element-abc80a9\" data-id=\"abc80a9\" data-element_type=\"column\"><div class=\"elementor-widget-wrap elementor-element-populated\"><div class=\"elementor-element elementor-element-07402e3 elementor-tablet-align-left elementor-mobile-align-left elementor-icon-list--layout-traditional elementor-list-item-link-full_width elementor-widget elementor-widget-icon-list animated fadeInLeft\" data-id=\"07402e3\" data-element_type=\"widget\" data-settings=\"{&quot;_animation&quot;:&quot;fadeInLeft&quot;}\" data-widget_type=\"icon-list.default\"><div class=\"elementor-widget-container\"><ul class=\"elementor-icon-list-items\"><li class=\"elementor-icon-list-item\"><span class=\"elementor-icon-list-text\">VOUS N&rsquo;AVEZ PAS BESOINS D&rsquo;UNE BANQUE<\/span><\/li><\/ul><\/div><\/div><\/div><\/div><div class=\"elementor-column elementor-col-50 elementor-top-column elementor-element elementor-element-bcaa961\" data-id=\"bcaa961\" data-element_type=\"column\"><div class=\"elementor-widget-wrap elementor-element-populated\"><div class=\"elementor-element elementor-element-943be85 elementor-widget elementor-widget-accordion\" data-id=\"943be85\" data-element_type=\"widget\" data-widget_type=\"accordion.default\"><div class=\"elementor-widget-container\"><div class=\"elementor-accordion\"><div class=\"elementor-accordion-item\"><div id=\"elementor-tab-title-1551\" class=\"elementor-tab-title elementor-active\" tabindex=\"0\" role=\"button\" data-tab=\"1\" aria-controls=\"elementor-tab-content-1551\" aria-expanded=\"true\" aria-selected=\"true\"><a class=\"elementor-accordion-title\" tabindex=\"0\">PROFITEZ D&rsquo;UN FINANCEMENT SANS CONTRAINTE<\/a><\/div><div id=\"elementor-tab-content-1551\" class=\"elementor-tab-content elementor-clearfix elementor-active\" role=\"region\" data-tab=\"1\" aria-labelledby=\"elementor-tab-title-1551\">\u00a0<\/div><\/div><\/div><\/div><\/div><\/div><\/div><\/div><\/section><section class=\"elementor-section elementor-top-section elementor-element elementor-element-4f782b1 elementor-section-boxed elementor-section-height-default elementor-section-height-default\" data-id=\"4f782b1\" data-element_type=\"section\" data-settings=\"{&quot;background_background&quot;:&quot;classic&quot;}\"><div class=\"elementor-background-overlay\">\u00a0<\/div><div class=\"elementor-container elementor-column-gap-default\"><div class=\"elementor-column elementor-col-100 elementor-top-column elementor-element elementor-element-29b3bbb\" data-id=\"29b3bbb\" data-element_type=\"column\"><div class=\"elementor-widget-wrap elementor-element-populated\"><section class=\"elementor-section elementor-inner-section elementor-element elementor-element-5ac4487 elementor-section-boxed elementor-section-height-default elementor-section-height-default\" data-id=\"5ac4487\" data-element_type=\"section\"><div class=\"elementor-container elementor-column-gap-default\"><div class=\"elementor-column elementor-col-50 elementor-inner-column elementor-element elementor-element-4939c87\" data-id=\"4939c87\" data-element_type=\"column\"><div class=\"elementor-widget-wrap elementor-element-populated\"><div class=\"elementor-element elementor-element-b195614 elementor-widget elementor-widget-image\" data-id=\"b195614\" data-element_type=\"widget\" data-widget_type=\"image.default\"><div class=\"elementor-widget-container\"><img fetchpriority=\"high\" decoding=\"async\" class=\"attachment-large size-large wp-image-29749\" src=\"https:\/\/autoccasion-utile.fr\/wp-content\/uploads\/2024\/02\/voiture-paiement-plusieurs-fois-sans-frais-teaser.jpg\" sizes=\"(max-width: 634px) 100vw, 634px\" srcset=\"https:\/\/autoccasion-utile.fr\/wp-content\/uploads\/2024\/02\/voiture-paiement-plusieurs-fois-sans-frais-teaser.jpg 634w, https:\/\/autoccasion-utile.fr\/wp-content\/uploads\/2024\/02\/voiture-paiement-plusieurs-fois-sans-frais-teaser-300x200.jpg 300w, https:\/\/autoccasion-utile.fr\/wp-content\/uploads\/2024\/02\/voiture-paiement-plusieurs-fois-sans-frais-teaser-600x399.jpg 600w, https:\/\/autoccasion-utile.fr\/wp-content\/uploads\/2024\/02\/voiture-paiement-plusieurs-fois-sans-frais-teaser-48x32.jpg 48w\" alt=\"\" width=\"634\" height=\"422\" \/><\/div><\/div><\/div><\/div><div class=\"elementor-column elementor-col-50 elementor-inner-column elementor-element elementor-element-5dce014\" data-id=\"5dce014\" data-element_type=\"column\"><div class=\"elementor-widget-wrap elementor-element-populated\"><div class=\"elementor-element elementor-element-2d32e78 animated-fast elementor-widget elementor-widget-heading animated slideInUp\" data-id=\"2d32e78\" data-element_type=\"widget\" data-settings=\"{&quot;_animation&quot;:&quot;slideInUp&quot;}\" data-widget_type=\"heading.default\"><div class=\"elementor-widget-container\"><h2 class=\"elementor-heading-title elementor-size-default\">Achat Voiture Avec Paiement En Plusieurs Fois Sans Frais<\/h2><\/div><\/div><div class=\"elementor-element elementor-element-2ba2c8b elementor-widget elementor-widget-text-editor animated fadeInLeft\" data-id=\"2ba2c8b\" data-element_type=\"widget\" data-settings=\"{&quot;_animation&quot;:&quot;fadeInLeft&quot;}\" data-widget_type=\"text-editor.default\"><div class=\"elementor-widget-container\"><p>L\u2019achat d\u2019une voiture d\u2019occasion est une d\u00e9pense non n\u00e9gligeable qu\u2019il est difficile d\u2019assumer sans emprunt. Parmi les diff\u00e9rentes offres de cr\u00e9dit disponibles, vous pouvez choisir de financer votre voiture d\u2019occasion avec un paiement en plusieurs fois.<\/p><p>\u00a0ASCORIA vous\u00a0 offre aujourd\u2019hui la possibilit\u00e9 de payer une voiture d\u2019occasion avec Apport en trois, quatre et bien encore dix fois ou sur une dur\u00e9e allant de 12 \u00e0 60 mois.<\/p><p><strong>CONDITION DE FACILITE DE PAIEMENT<\/strong><\/p><p>Les conditions des facilit\u00e9s de paiement sont diff\u00e9rentes en fonction du v\u00e9hicule. En plus de votre carte bleue, pour acheter une voiture d\u2019occasion avec un paiement en plusieurs fois, voici les documents que vous devez fournir :<\/p><p>Vous avez au moins 18 ans<\/p><p>Vous avez une pi\u00e8ce d\u2019identit\u00e9 en cour de validit\u00e9<\/p><p>Un relev\u00e9 d\u2019identit\u00e9 bancaire<\/p><p>Une preuve de revenu<\/p><p>Un justificatif de domicile (factures ou avis d\u2019imposition)<\/p><\/div><\/div><div class=\"elementor-element elementor-element-ba40cf7 elementor-widget elementor-widget-text-editor animated fadeInLeft\" data-id=\"ba40cf7\" data-element_type=\"widget\" data-settings=\"{&quot;_animation&quot;:&quot;fadeInLeft&quot;}\" data-widget_type=\"text-editor.default\"><div class=\"elementor-widget-container\"><p>Pour un paiement en plusieurs fois , certains frais suppl\u00e9mentaires seront additionn\u00e9s au prix r\u00e9el de la voiture.\u00a0<\/p><p>Pour faciliter la tache \u00e0 nos clients, nous accordons la possibilit\u00e9 de rembourser sur une dur\u00e9e allant de 12 \u00e0 60 mois.<\/p><p>\u00a0Car plus la dur\u00e9e de remboursement est courte et plus les mensualit\u00e9s sont importantes.\u00a0<\/p><p>Prenons l\u2019exemple du v\u00e9hicule \u00e0 6 000 euros :<\/p><p>Dur\u00e9e du cr\u00e9dit auto : 2 ans<\/p><p>Taux annuel effectif global fixe (TAEG) : 4,00 %<\/p><p>Mensualit\u00e9s : 260 euros par mois<\/p><p>Int\u00earets : 240 euros<\/p><p>Co\u00fbt total du pr\u00eat : 6240\u00a0 euros<\/p><p>Vous prenez moins de risque d\u2019endettement en optant pour l\u2019achat de votre voiture d\u2019occasion avec un paiement en plusieurs fois \u00e9tal\u00e9 sur deux ans. Il est vrai que vous devez r\u00e9gler des frais d\u2019int\u00e9r\u00eats mais vous n\u2019avez pas \u00e0 avancer des sommes astronomiques pendant trois mois.<\/p><p>Pour tout achat, nous exigeons un apport entre 20 et 50% selon la voiture choisis et selon votre capacit\u00e9 financiere.<\/p><p>Vous n\u2019avez donc plus besoins d\u2019une banque ni d\u2019un organisme financier, nous nous occupons de toutes les paperasses jusqu\u2019\u00e0 la livraison de votre voiture.<\/p><\/div><\/div><\/div><\/div><\/div><\/section><\/div><\/div><\/div><\/section><section class=\"elementor-section elementor-top-section elementor-element elementor-element-a395bcc elementor-section-stretched elementor-section-boxed elementor-section-height-default elementor-section-height-default\" data-id=\"a395bcc\" data-element_type=\"section\" data-settings=\"{&quot;stretch_section&quot;:&quot;section-stretched&quot;,&quot;background_background&quot;:&quot;classic&quot;}\"><div class=\"elementor-background-overlay\">\u00a0<\/div><div class=\"elementor-container elementor-column-gap-default\"><div class=\"elementor-column elementor-col-100 elementor-top-column elementor-element elementor-element-56f9c71\" data-id=\"56f9c71\" data-element_type=\"column\"><div class=\"elementor-widget-wrap elementor-element-populated\"><div class=\"elementor-element elementor-element-13dcc20 elementor-widget elementor-widget-text-editor\" data-id=\"13dcc20\" data-element_type=\"widget\" data-widget_type=\"text-editor.default\"><div class=\"elementor-widget-container\"><p>Contactez nous pour plus de d\u00e9tails pour le financement de votre achat de voiture.<\/p><p>Obtenez des conseils exclusifs d\u2019experts sur les voitures<\/p><div class=\"uspListItem___7SfpU preventAnimation___2WM8c xs-12___3VmvE md-4___3mBaV lg-4___l3DnL col___dOjOI\" data-qa-selector=\"usp-item\"><div class=\"title___1u_0R inlineBlockDisplay___16y8o\"><p><img decoding=\"async\" class=\"img___1-r1Z\" src=\"https:\/\/artifacts-cdn.autohero.com\/retail-sharding\/public\/assets\/shield-checkmark-min-9957899e71973eb00993f80207647cfe.svg\" alt=\"shieldIcon\" \/><\/p><h4 class=\"uspItemTitle___2CEg_ title___2DV4T variant-h4___3KWSF weight-normal___25n2H align-center___17w2J\" data-qa-selector=\"usp-title-0\">Personnalisable<\/h4><\/div><div class=\"uspDescription___omSR5\" data-qa-selector=\"usp-body-0\">D\u00e9cidez du montant de l\u2019apport et de la dur\u00e9e du financement.<\/div><div data-qa-selector=\"usp-body-0\">\u00a0<\/div><\/div><div class=\"uspListItem___7SfpU preventAnimation___2WM8c xs-12___3VmvE md-4___3mBaV lg-4___l3DnL col___dOjOI\" data-qa-selector=\"usp-item\"><div class=\"title___1u_0R inlineBlockDisplay___16y8o\"><p><img decoding=\"async\" class=\"img___1-r1Z\" src=\"https:\/\/artifacts-cdn.autohero.com\/retail-sharding\/public\/assets\/shield-checkmark-min-9957899e71973eb00993f80207647cfe.svg\" alt=\"shieldIcon\" \/><\/p><h4 class=\"uspItemTitle___2CEg_ title___2DV4T variant-h4___3KWSF weight-normal___25n2H align-center___17w2J\" data-qa-selector=\"usp-title-1\">Sans engagement<\/h4><\/div><div class=\"uspDescription___omSR5\" data-qa-selector=\"usp-body-1\">Remplissez vos coordonn\u00e9es, soumettez les pi\u00e8ces justificatives et recevez une r\u00e9ponse provisoire dans les 48 heures.<\/div><\/div><div class=\"uspListItem___7SfpU preventAnimation___2WM8c xs-12___3VmvE md-4___3mBaV lg-4___l3DnL col___dOjOI\" data-qa-selector=\"usp-item\"><div class=\"uspDescription___omSR5\" data-qa-selector=\"usp-body-2\">\u00a0<\/div><\/div><\/div><\/div><\/div><\/div><\/div><\/section><div class=\"elementor-element elementor-element-51e7e4c e-flex e-con-boxed e-con e-parent\" data-id=\"51e7e4c\" data-element_type=\"container\" data-settings=\"{&quot;background_background&quot;:&quot;classic&quot;}\" data-core-v316-plus=\"true\"><div class=\"e-con-inner\"><div class=\"elementor-element elementor-element-815c71e elementor-widget elementor-widget-heading\" data-id=\"815c71e\" data-element_type=\"widget\" data-widget_type=\"heading.default\"><div class=\"elementor-widget-container\"><h2 class=\"elementor-heading-title elementor-size-default\">COMMENT FAIRE UNE DEMANDE DE FINANCEMENT EN LIGNE?<\/h2><\/div><\/div><\/div><\/div><div class=\"elementor-element elementor-element-34350da e-flex e-con-boxed e-con e-parent\" data-id=\"34350da\" data-element_type=\"container\" data-core-v316-plus=\"true\"><div class=\"e-con-inner\"><div class=\"elementor-element elementor-element-b1733cb e-con-full e-flex e-con e-child\" data-id=\"b1733cb\" data-element_type=\"container\"><div class=\"elementor-element elementor-element-d633168 elementor-view-default elementor-position-top elementor-mobile-position-top elementor-widget elementor-widget-icon-box animated fadeInDown\" data-id=\"d633168\" data-element_type=\"widget\" data-settings=\"{&quot;_animation&quot;:&quot;fadeInDown&quot;}\" data-widget_type=\"icon-box.default\"><div class=\"elementor-widget-container\"><div class=\"elementor-icon-box-wrapper\"><div class=\"elementor-icon-box-icon\">\u00a0<\/div><div class=\"elementor-icon-box-content\"><h3 class=\"elementor-icon-box-title\">Trouvez votre voiture<\/h3><p class=\"elementor-icon-box-description\">S\u00e9lectionnez votre v\u00e9hicule pr\u00e9f\u00e9r\u00e9 puis cliquez sur demander un devis.<\/p><\/div><\/div><\/div><\/div><\/div><div class=\"elementor-element elementor-element-9588b42 e-con-full e-flex e-con e-child\" data-id=\"9588b42\" data-element_type=\"container\"><div class=\"elementor-element elementor-element-3a3fabd elementor-view-default elementor-position-top elementor-mobile-position-top elementor-widget elementor-widget-icon-box animated fadeInDown\" data-id=\"3a3fabd\" data-element_type=\"widget\" data-settings=\"{&quot;_animation&quot;:&quot;fadeInDown&quot;}\" data-widget_type=\"icon-box.default\"><div class=\"elementor-widget-container\"><div class=\"elementor-icon-box-wrapper\"><div class=\"elementor-icon-box-content\"><h3 class=\"elementor-icon-box-title\">Compl\u00e9tez votre demande de financement<\/h3><p class=\"elementor-icon-box-description\">Lors de la validation de ma commande, veuillez noter que vous voudriez un financement Proposez le montant et la dur\u00e9e du financement qui vous convient le mieux. D\u00e8s que nous recevons votre demande, nos expert s&rsquo;occuperons de la valider ou non.<\/p><\/div><\/div><\/div><\/div><\/div><\/div><\/div>\t\t\t\t\t\t\t\t<\/div>\n\t\t\t\t<\/div>\n\t\t\t\t\t<\/div>\n\t\t\t\t<\/div>\n\t\t\t\t<\/div>\n\t\t","protected":false},"excerpt":{"rendered":"<p>VOUS N&rsquo;AVEZ PAS BESOINS D&rsquo;UNE BANQUE PROFITEZ D&rsquo;UN FINANCEMENT SANS CONTRAINTE\u00a0 \u00a0 Achat Voiture Avec Paiement En Plusieurs Fois Sans Frais L\u2019achat d\u2019une voiture d\u2019occasion est une d\u00e9pense non n\u00e9gligeable qu\u2019il est difficile d\u2019assumer sans emprunt. Parmi les diff\u00e9rentes offres de cr\u00e9dit disponibles, vous pouvez choisir de financer votre voiture d\u2019occasion avec un paiement en [&hellip;]<\/p>\n","protected":false},"author":1,"featured_media":0,"parent":0,"menu_order":0,"comment_status":"closed","ping_status":"closed","template":"","meta":{"footnotes":""},"class_list":["post-4188","page","type-page","status-publish","hentry"],"_links":{"self":[{"href":"https:\/\/ascoria-auto.fr\/index.php\/wp-json\/wp\/v2\/pages\/4188","targetHints":{"allow":["GET"]}}],"collection":[{"href":"https:\/\/ascoria-auto.fr\/index.php\/wp-json\/wp\/v2\/pages"}],"about":[{"href":"https:\/\/ascoria-auto.fr\/index.php\/wp-json\/wp\/v2\/types\/page"}],"author":[{"embeddable":true,"href":"https:\/\/ascoria-auto.fr\/index.php\/wp-json\/wp\/v2\/users\/1"}],"replies":[{"embeddable":true,"href":"https:\/\/ascoria-auto.fr\/index.php\/wp-json\/wp\/v2\/comments?post=4188"}],"version-history":[{"count":11,"href":"https:\/\/ascoria-auto.fr\/index.php\/wp-json\/wp\/v2\/pages\/4188\/revisions"}],"predecessor-version":[{"id":4859,"href":"https:\/\/ascoria-auto.fr\/index.php\/wp-json\/wp\/v2\/pages\/4188\/revisions\/4859"}],"wp:attachment":[{"href":"https:\/\/ascoria-auto.fr\/index.php\/wp-json\/wp\/v2\/media?parent=4188"}],"curies":[{"name":"wp","href":"https:\/\/api.w.org\/{rel}","templated":true}]}}